{"id":32,"date":"2023-02-20T16:59:47","date_gmt":"2023-02-20T15:59:47","guid":{"rendered":"https:\/\/enitalic.com\/?page_id=32"},"modified":"2023-03-17T09:52:10","modified_gmt":"2023-03-17T08:52:10","slug":"accueil","status":"publish","type":"page","link":"https:\/\/enitalic.com\/?page_id=32","title":{"rendered":"Accueil"},"content":{"rendered":"\t\t<div data-elementor-type=\"wp-page\" data-elementor-id=\"32\" class=\"elementor elementor-32\">\n\t\t\t\t\t\t<section class=\"elementor-section elementor-top-section elementor-element elementor-element-19e06dd7 elementor-section-boxed elementor-section-height-default elementor-section-height-default\" data-id=\"19e06dd7\" data-element_type=\"section\" data-e-type=\"section\">\n\t\t\t\t\t\t<div class=\"elementor-container elementor-column-gap-default\">\n\t\t\t\t\t<div class=\"elementor-column elementor-col-100 elementor-top-column elementor-element elementor-element-4335f6f1\" data-id=\"4335f6f1\" data-element_type=\"column\" data-e-type=\"column\">\n\t\t\t<div class=\"elementor-widget-wrap elementor-element-populated\">\n\t\t\t\t\t\t<div class=\"elementor-element elementor-element-36f9e38b elementor-widget elementor-widget-text-editor\" data-id=\"36f9e38b\" data-element_type=\"widget\" data-e-type=\"widget\" data-widget_type=\"text-editor.default\">\n\t\t\t\t<div class=\"elementor-widget-container\">\n\t\t\t\t\t\t\t\t\t<p><\/p>\n<p>GRAPHISTE<\/p>\n<p><\/p>\t\t\t\t\t\t\t\t<\/div>\n\t\t\t\t<\/div>\n\t\t\t\t\t<\/div>\n\t\t<\/div>\n\t\t\t\t\t<\/div>\n\t\t<\/section>\n\t\t\t\t<section class=\"elementor-section elementor-top-section elementor-element elementor-element-35dc7e8 elementor-section-boxed elementor-section-height-default elementor-section-height-default\" data-id=\"35dc7e8\" data-element_type=\"section\" data-e-type=\"section\">\n\t\t\t\t\t\t<div class=\"elementor-container elementor-column-gap-default\">\n\t\t\t\t\t<div class=\"elementor-column elementor-col-100 elementor-top-column elementor-element elementor-element-9955eb8\" data-id=\"9955eb8\" data-element_type=\"column\" data-e-type=\"column\">\n\t\t\t<div class=\"elementor-widget-wrap elementor-element-populated\">\n\t\t\t\t\t\t<div class=\"elementor-element elementor-element-afbf970 elementor-widget elementor-widget-image\" data-id=\"afbf970\" data-element_type=\"widget\" data-e-type=\"widget\" data-widget_type=\"image.default\">\n\t\t\t\t<div class=\"elementor-widget-container\">\n\t\t\t\t\t\t\t\t\t\t\t\t\t\t\t<img fetchpriority=\"high\" decoding=\"async\" width=\"663\" height=\"600\" src=\"https:\/\/enitalic.com\/wp-content\/uploads\/2023\/02\/tour-de-Pise-seule.png\" class=\"attachment-large size-large wp-image-34\" alt=\"\" srcset=\"https:\/\/enitalic.com\/wp-content\/uploads\/2023\/02\/tour-de-Pise-seule.png 663w, https:\/\/enitalic.com\/wp-content\/uploads\/2023\/02\/tour-de-Pise-seule-300x271.png 300w, https:\/\/enitalic.com\/wp-content\/uploads\/2023\/02\/tour-de-Pise-seule-575x520.png 575w, https:\/\/enitalic.com\/wp-content\/uploads\/2023\/02\/tour-de-Pise-seule-380x344.png 380w\" sizes=\"(max-width: 663px) 100vw, 663px\" \/>\t\t\t\t\t\t\t\t\t\t\t\t\t\t\t<\/div>\n\t\t\t\t<\/div>\n\t\t\t\t\t<\/div>\n\t\t<\/div>\n\t\t\t\t\t<\/div>\n\t\t<\/section>\n\t\t\t\t<section class=\"elementor-section elementor-top-section elementor-element elementor-element-400d4ad elementor-section-boxed elementor-section-height-default elementor-section-height-default\" data-id=\"400d4ad\" data-element_type=\"section\" data-e-type=\"section\">\n\t\t\t\t\t\t<div class=\"elementor-container elementor-column-gap-default\">\n\t\t\t\t\t<div class=\"elementor-column elementor-col-100 elementor-top-column elementor-element elementor-element-e0d8acb\" data-id=\"e0d8acb\" data-element_type=\"column\" data-e-type=\"column\">\n\t\t\t<div class=\"elementor-widget-wrap elementor-element-populated\">\n\t\t\t\t\t\t<div class=\"elementor-element elementor-element-d3bf1cb elementor-widget elementor-widget-heading\" data-id=\"d3bf1cb\" data-element_type=\"widget\" data-e-type=\"widget\" data-widget_type=\"heading.default\">\n\t\t\t\t<div class=\"elementor-widget-container\">\n\t\t\t\t\t<h2 class=\"elementor-heading-title elementor-size-default\">un penchant pour:<\/h2>\t\t\t\t<\/div>\n\t\t\t\t<\/div>\n\t\t\t\t<div class=\"elementor-element elementor-element-14c9ebe elementor-widget elementor-widget-text-editor\" data-id=\"14c9ebe\" data-element_type=\"widget\" data-e-type=\"widget\" data-widget_type=\"text-editor.default\">\n\t\t\t\t<div class=\"elementor-widget-container\">\n\t\t\t\t\t\t\t\t\t<p>cr\u00e9ation de logos<\/p>\n<p>brochures et newsletters<\/p>\n<p>affiche et d\u00e9pliants<\/p>\n<p>signal\u00e9tiques<\/p>\n<p>sites internet<\/p>\n<p>montages photos vid\u00e9os<\/p>\n<p>et tutti quanti!<\/p>\t\t\t\t\t\t\t\t<\/div>\n\t\t\t\t<\/div>\n\t\t\t\t<div class=\"elementor-element elementor-element-2795b151 elementor-align-center elementor-widget elementor-widget-button\" data-id=\"2795b151\" data-element_type=\"widget\" data-e-type=\"widget\" data-widget_type=\"button.default\">\n\t\t\t\t<div class=\"elementor-widget-container\">\n\t\t\t\t\t\t\t\t\t<div class=\"elementor-button-wrapper\">\n\t\t\t\t\t<a class=\"elementor-button elementor-button-link elementor-size-sm elementor-animation-push\" href=\"#\">\n\t\t\t\t\t\t<span class=\"elementor-button-content-wrapper\">\n\t\t\t\t\t\t\t\t\t<span class=\"elementor-button-text\">D\u00e9couvrez ici mes r\u00e9alisations<\/span>\n\t\t\t\t\t<\/span>\n\t\t\t\t\t<\/a>\n\t\t\t\t<\/div>\n\t\t\t\t\t\t\t\t<\/div>\n\t\t\t\t<\/div>\n\t\t\t\t\t<\/div>\n\t\t<\/div>\n\t\t\t\t\t<\/div>\n\t\t<\/section>\n\t\t\t\t<section class=\"elementor-section elementor-top-section elementor-element elementor-element-e789c0e elementor-section-boxed elementor-section-height-default elementor-section-height-default\" data-id=\"e789c0e\" data-element_type=\"section\" data-e-type=\"section\" data-settings=\"{&quot;background_background&quot;:&quot;classic&quot;}\">\n\t\t\t\t\t\t<div class=\"elementor-container elementor-column-gap-default\">\n\t\t\t\t\t<div class=\"elementor-column elementor-col-100 elementor-top-column elementor-element elementor-element-1520696\" data-id=\"1520696\" data-element_type=\"column\" data-e-type=\"column\">\n\t\t\t<div class=\"elementor-widget-wrap elementor-element-populated\">\n\t\t\t\t\t\t<div class=\"elementor-element elementor-element-029a4b7 elementor-widget elementor-widget-image\" data-id=\"029a4b7\" data-element_type=\"widget\" data-e-type=\"widget\" data-widget_type=\"image.default\">\n\t\t\t\t<div class=\"elementor-widget-container\">\n\t\t\t\t\t\t\t\t\t\t\t\t\t\t\t<img decoding=\"async\" width=\"633\" height=\"618\" src=\"https:\/\/enitalic.com\/wp-content\/uploads\/2023\/02\/portrait_medaillon.jpg\" class=\"attachment-1536x1536 size-1536x1536 wp-image-35\" alt=\"\" srcset=\"https:\/\/enitalic.com\/wp-content\/uploads\/2023\/02\/portrait_medaillon.jpg 633w, https:\/\/enitalic.com\/wp-content\/uploads\/2023\/02\/portrait_medaillon-300x293.jpg 300w, https:\/\/enitalic.com\/wp-content\/uploads\/2023\/02\/portrait_medaillon-575x561.jpg 575w, https:\/\/enitalic.com\/wp-content\/uploads\/2023\/02\/portrait_medaillon-380x371.jpg 380w, https:\/\/enitalic.com\/wp-content\/uploads\/2023\/02\/portrait_medaillon-50x50.jpg 50w\" sizes=\"(max-width: 633px) 100vw, 633px\" \/>\t\t\t\t\t\t\t\t\t\t\t\t\t\t\t<\/div>\n\t\t\t\t<\/div>\n\t\t\t\t<div class=\"elementor-element elementor-element-4d738d0 elementor-widget elementor-widget-text-editor\" data-id=\"4d738d0\" data-element_type=\"widget\" data-e-type=\"widget\" data-widget_type=\"text-editor.default\">\n\t\t\t\t<div class=\"elementor-widget-container\">\n\t\t\t\t\t\t\t\t\t<p><b>Ma devise<\/b> en euro \ud83d\ude42<\/p>\n<p>\u201cEtre s\u00e9rieuse sans se prendre au s\u00e9rieux\u201d<\/p>\t\t\t\t\t\t\t\t<\/div>\n\t\t\t\t<\/div>\n\t\t\t\t<div class=\"elementor-element elementor-element-d8c4e10 elementor-widget-divider--view-line elementor-widget elementor-widget-divider\" data-id=\"d8c4e10\" data-element_type=\"widget\" data-e-type=\"widget\" data-widget_type=\"divider.default\">\n\t\t\t\t<div class=\"elementor-widget-container\">\n\t\t\t\t\t\t\t<div class=\"elementor-divider\">\n\t\t\t<span class=\"elementor-divider-separator\">\n\t\t\t\t\t\t<\/span>\n\t\t<\/div>\n\t\t\t\t\t\t<\/div>\n\t\t\t\t<\/div>\n\t\t\t\t\t<\/div>\n\t\t<\/div>\n\t\t\t\t\t<\/div>\n\t\t<\/section>\n\t\t\t\t<section class=\"elementor-section elementor-top-section elementor-element elementor-element-9eaf949 elementor-section-boxed elementor-section-height-default elementor-section-height-default\" data-id=\"9eaf949\" data-element_type=\"section\" data-e-type=\"section\">\n\t\t\t\t\t\t<div class=\"elementor-container elementor-column-gap-default\">\n\t\t\t\t\t<div class=\"elementor-column elementor-col-100 elementor-top-column elementor-element elementor-element-d21c189\" data-id=\"d21c189\" data-element_type=\"column\" data-e-type=\"column\">\n\t\t\t<div class=\"elementor-widget-wrap elementor-element-populated\">\n\t\t\t\t\t\t<div class=\"elementor-element elementor-element-9fc6bf7 elementor-align-center elementor-widget elementor-widget-button\" data-id=\"9fc6bf7\" data-element_type=\"widget\" data-e-type=\"widget\" data-settings=\"{&quot;_animation&quot;:&quot;none&quot;}\" data-widget_type=\"button.default\">\n\t\t\t\t<div class=\"elementor-widget-container\">\n\t\t\t\t\t\t\t\t\t<div class=\"elementor-button-wrapper\">\n\t\t\t\t\t<a class=\"elementor-button elementor-button-link elementor-size-sm elementor-animation-push\" href=\"#\">\n\t\t\t\t\t\t<span class=\"elementor-button-content-wrapper\">\n\t\t\t\t\t\t\t\t\t<span class=\"elementor-button-text\">Contactez-moi pour une id\u00e9e lumineuse<\/span>\n\t\t\t\t\t<\/span>\n\t\t\t\t\t<\/a>\n\t\t\t\t<\/div>\n\t\t\t\t\t\t\t\t<\/div>\n\t\t\t\t<\/div>\n\t\t\t\t\t<\/div>\n\t\t<\/div>\n\t\t\t\t\t<\/div>\n\t\t<\/section>\n\t\t\t\t<\/div>\n\t\t","protected":false},"excerpt":{"rendered":"<p>GRAPHISTE un penchant pour: cr\u00e9ation de logos brochures et newsletters affiche et d\u00e9pliants signal\u00e9tiques sites internet montages photos vid\u00e9os et tutti quanti! D\u00e9couvrez ici mes r\u00e9alisations Ma devise en euro \ud83d\ude42 \u201cEtre s\u00e9rieuse sans se prendre au s\u00e9rieux\u201d Contactez-moi pour une id\u00e9e lumineuse<\/p>\n","protected":false},"author":2,"featured_media":0,"parent":0,"menu_order":0,"comment_status":"closed","ping_status":"closed","template":"","meta":{"site-sidebar-layout":"default","site-content-layout":"default","ast-global-header-display":"","ast-banner-title-visibility":"","ast-main-header-display":"","ast-hfb-above-header-display":"","ast-hfb-below-header-display":"","ast-hfb-mobile-header-display":"","site-post-title":"disabled","ast-breadcrumbs-content":"","ast-featured-img":"","footer-sml-layout":"","theme-transparent-header-meta":"","adv-header-id-meta":"","stick-header-meta":"","header-above-stick-meta":"","header-main-stick-meta":"","header-below-stick-meta":"","footnotes":""},"class_list":["post-32","page","type-page","status-publish","hentry"],"yoast_head":"<!-- This site is optimized with the Yoast SEO plugin v27.4 - https:\/\/yoast.com\/product\/yoast-seo-wordpress\/ -->\n<title>Accueil - en italic<\/title>\n<meta name=\"description\" content=\"GRAPHISTE FREELANCE. Cr\u00e9ative et r\u00e9active, aimant le sens du d\u00e9tail sans oublier un \u00e9l\u00e9ment important, une touche d&#039;humour. Confiez-moi votre projet, il est unique comme vous.\" \/>\n<meta name=\"robots\" content=\"noindex, follow, max-snippet:-1, max-image-preview:large, max-video-preview:-1\" \/>\n<meta property=\"og:locale\" content=\"fr_FR\" \/>\n<meta property=\"og:type\" content=\"article\" \/>\n<meta property=\"og:title\" content=\"Accueil - en italic\" \/>\n<meta property=\"og:description\" content=\"GRAPHISTE FREELANCE. Cr\u00e9ative et r\u00e9active, aimant le sens du d\u00e9tail sans oublier un \u00e9l\u00e9ment important, une touche d&#039;humour. Confiez-moi votre projet, il est unique comme vous.\" \/>\n<meta property=\"og:url\" content=\"https:\/\/enitalic.com\/?page_id=32\" \/>\n<meta property=\"og:site_name\" content=\"en italic\" \/>\n<meta property=\"article:modified_time\" content=\"2023-03-17T08:52:10+00:00\" \/>\n<meta property=\"og:image\" content=\"https:\/\/enitalic.com\/wp-content\/uploads\/2023\/02\/tour-de-Pise-seule.png\" \/>\n<meta name=\"twitter:card\" content=\"summary_large_image\" \/>\n<meta name=\"twitter:label1\" content=\"Dur\u00e9e de lecture estim\u00e9e\" \/>\n\t<meta name=\"twitter:data1\" content=\"1 minute\" \/>\n<script type=\"application\/ld+json\" class=\"yoast-schema-graph\">{\"@context\":\"https:\\\/\\\/schema.org\",\"@graph\":[{\"@type\":\"WebPage\",\"@id\":\"https:\\\/\\\/enitalic.com\\\/?page_id=32\",\"url\":\"https:\\\/\\\/enitalic.com\\\/?page_id=32\",\"name\":\"Accueil - en italic\",\"isPartOf\":{\"@id\":\"https:\\\/\\\/enitalic.com\\\/#website\"},\"primaryImageOfPage\":{\"@id\":\"https:\\\/\\\/enitalic.com\\\/?page_id=32#primaryimage\"},\"image\":{\"@id\":\"https:\\\/\\\/enitalic.com\\\/?page_id=32#primaryimage\"},\"thumbnailUrl\":\"https:\\\/\\\/enitalic.com\\\/wp-content\\\/uploads\\\/2023\\\/02\\\/tour-de-Pise-seule.png\",\"datePublished\":\"2023-02-20T15:59:47+00:00\",\"dateModified\":\"2023-03-17T08:52:10+00:00\",\"description\":\"GRAPHISTE FREELANCE. Cr\u00e9ative et r\u00e9active, aimant le sens du d\u00e9tail sans oublier un \u00e9l\u00e9ment important, une touche d'humour. Confiez-moi votre projet, il est unique comme vous.\",\"breadcrumb\":{\"@id\":\"https:\\\/\\\/enitalic.com\\\/?page_id=32#breadcrumb\"},\"inLanguage\":\"fr-FR\",\"potentialAction\":[{\"@type\":\"ReadAction\",\"target\":[\"https:\\\/\\\/enitalic.com\\\/?page_id=32\"]}]},{\"@type\":\"ImageObject\",\"inLanguage\":\"fr-FR\",\"@id\":\"https:\\\/\\\/enitalic.com\\\/?page_id=32#primaryimage\",\"url\":\"https:\\\/\\\/enitalic.com\\\/wp-content\\\/uploads\\\/2023\\\/02\\\/tour-de-Pise-seule.png\",\"contentUrl\":\"https:\\\/\\\/enitalic.com\\\/wp-content\\\/uploads\\\/2023\\\/02\\\/tour-de-Pise-seule.png\",\"width\":663,\"height\":600},{\"@type\":\"BreadcrumbList\",\"@id\":\"https:\\\/\\\/enitalic.com\\\/?page_id=32#breadcrumb\",\"itemListElement\":[{\"@type\":\"ListItem\",\"position\":1,\"name\":\"Accueil\",\"item\":\"https:\\\/\\\/enitalic.com\\\/\"},{\"@type\":\"ListItem\",\"position\":2,\"name\":\"Accueil\"}]},{\"@type\":\"WebSite\",\"@id\":\"https:\\\/\\\/enitalic.com\\\/#website\",\"url\":\"https:\\\/\\\/enitalic.com\\\/\",\"name\":\"en italic\",\"description\":\"\",\"publisher\":{\"@id\":\"https:\\\/\\\/enitalic.com\\\/#organization\"},\"potentialAction\":[{\"@type\":\"SearchAction\",\"target\":{\"@type\":\"EntryPoint\",\"urlTemplate\":\"https:\\\/\\\/enitalic.com\\\/?s={search_term_string}\"},\"query-input\":{\"@type\":\"PropertyValueSpecification\",\"valueRequired\":true,\"valueName\":\"search_term_string\"}}],\"inLanguage\":\"fr-FR\"},{\"@type\":\"Organization\",\"@id\":\"https:\\\/\\\/enitalic.com\\\/#organization\",\"name\":\"en italic\",\"url\":\"https:\\\/\\\/enitalic.com\\\/\",\"logo\":{\"@type\":\"ImageObject\",\"inLanguage\":\"fr-FR\",\"@id\":\"https:\\\/\\\/enitalic.com\\\/#\\\/schema\\\/logo\\\/image\\\/\",\"url\":\"https:\\\/\\\/enitalic.com\\\/wp-content\\\/uploads\\\/2022\\\/10\\\/cropped-en-italic.png\",\"contentUrl\":\"https:\\\/\\\/enitalic.com\\\/wp-content\\\/uploads\\\/2022\\\/10\\\/cropped-en-italic.png\",\"width\":137,\"height\":137,\"caption\":\"en italic\"},\"image\":{\"@id\":\"https:\\\/\\\/enitalic.com\\\/#\\\/schema\\\/logo\\\/image\\\/\"}}]}<\/script>\n<!-- \/ Yoast SEO plugin. -->","yoast_head_json":{"title":"Accueil - en italic","description":"GRAPHISTE FREELANCE. Cr\u00e9ative et r\u00e9active, aimant le sens du d\u00e9tail sans oublier un \u00e9l\u00e9ment important, une touche d'humour. Confiez-moi votre projet, il est unique comme vous.","robots":{"index":"noindex","follow":"follow","max-snippet":"max-snippet:-1","max-image-preview":"max-image-preview:large","max-video-preview":"max-video-preview:-1"},"og_locale":"fr_FR","og_type":"article","og_title":"Accueil - en italic","og_description":"GRAPHISTE FREELANCE. Cr\u00e9ative et r\u00e9active, aimant le sens du d\u00e9tail sans oublier un \u00e9l\u00e9ment important, une touche d'humour. Confiez-moi votre projet, il est unique comme vous.","og_url":"https:\/\/enitalic.com\/?page_id=32","og_site_name":"en italic","article_modified_time":"2023-03-17T08:52:10+00:00","og_image":[{"url":"https:\/\/enitalic.com\/wp-content\/uploads\/2023\/02\/tour-de-Pise-seule.png","type":"","width":"","height":""}],"twitter_card":"summary_large_image","twitter_misc":{"Dur\u00e9e de lecture estim\u00e9e":"1 minute"},"schema":{"@context":"https:\/\/schema.org","@graph":[{"@type":"WebPage","@id":"https:\/\/enitalic.com\/?page_id=32","url":"https:\/\/enitalic.com\/?page_id=32","name":"Accueil - en italic","isPartOf":{"@id":"https:\/\/enitalic.com\/#website"},"primaryImageOfPage":{"@id":"https:\/\/enitalic.com\/?page_id=32#primaryimage"},"image":{"@id":"https:\/\/enitalic.com\/?page_id=32#primaryimage"},"thumbnailUrl":"https:\/\/enitalic.com\/wp-content\/uploads\/2023\/02\/tour-de-Pise-seule.png","datePublished":"2023-02-20T15:59:47+00:00","dateModified":"2023-03-17T08:52:10+00:00","description":"GRAPHISTE FREELANCE. Cr\u00e9ative et r\u00e9active, aimant le sens du d\u00e9tail sans oublier un \u00e9l\u00e9ment important, une touche d'humour. Confiez-moi votre projet, il est unique comme vous.","breadcrumb":{"@id":"https:\/\/enitalic.com\/?page_id=32#breadcrumb"},"inLanguage":"fr-FR","potentialAction":[{"@type":"ReadAction","target":["https:\/\/enitalic.com\/?page_id=32"]}]},{"@type":"ImageObject","inLanguage":"fr-FR","@id":"https:\/\/enitalic.com\/?page_id=32#primaryimage","url":"https:\/\/enitalic.com\/wp-content\/uploads\/2023\/02\/tour-de-Pise-seule.png","contentUrl":"https:\/\/enitalic.com\/wp-content\/uploads\/2023\/02\/tour-de-Pise-seule.png","width":663,"height":600},{"@type":"BreadcrumbList","@id":"https:\/\/enitalic.com\/?page_id=32#breadcrumb","itemListElement":[{"@type":"ListItem","position":1,"name":"Accueil","item":"https:\/\/enitalic.com\/"},{"@type":"ListItem","position":2,"name":"Accueil"}]},{"@type":"WebSite","@id":"https:\/\/enitalic.com\/#website","url":"https:\/\/enitalic.com\/","name":"en italic","description":"","publisher":{"@id":"https:\/\/enitalic.com\/#organization"},"potentialAction":[{"@type":"SearchAction","target":{"@type":"EntryPoint","urlTemplate":"https:\/\/enitalic.com\/?s={search_term_string}"},"query-input":{"@type":"PropertyValueSpecification","valueRequired":true,"valueName":"search_term_string"}}],"inLanguage":"fr-FR"},{"@type":"Organization","@id":"https:\/\/enitalic.com\/#organization","name":"en italic","url":"https:\/\/enitalic.com\/","logo":{"@type":"ImageObject","inLanguage":"fr-FR","@id":"https:\/\/enitalic.com\/#\/schema\/logo\/image\/","url":"https:\/\/enitalic.com\/wp-content\/uploads\/2022\/10\/cropped-en-italic.png","contentUrl":"https:\/\/enitalic.com\/wp-content\/uploads\/2022\/10\/cropped-en-italic.png","width":137,"height":137,"caption":"en italic"},"image":{"@id":"https:\/\/enitalic.com\/#\/schema\/logo\/image\/"}}]}},"_links":{"self":[{"href":"https:\/\/enitalic.com\/index.php?rest_route=\/wp\/v2\/pages\/32","targetHints":{"allow":["GET"]}}],"collection":[{"href":"https:\/\/enitalic.com\/index.php?rest_route=\/wp\/v2\/pages"}],"about":[{"href":"https:\/\/enitalic.com\/index.php?rest_route=\/wp\/v2\/types\/page"}],"author":[{"embeddable":true,"href":"https:\/\/enitalic.com\/index.php?rest_route=\/wp\/v2\/users\/2"}],"replies":[{"embeddable":true,"href":"https:\/\/enitalic.com\/index.php?rest_route=%2Fwp%2Fv2%2Fcomments&post=32"}],"version-history":[{"count":34,"href":"https:\/\/enitalic.com\/index.php?rest_route=\/wp\/v2\/pages\/32\/revisions"}],"predecessor-version":[{"id":440,"href":"https:\/\/enitalic.com\/index.php?rest_route=\/wp\/v2\/pages\/32\/revisions\/440"}],"wp:attachment":[{"href":"https:\/\/enitalic.com\/index.php?rest_route=%2Fwp%2Fv2%2Fmedia&parent=32"}],"curies":[{"name":"wp","href":"https:\/\/api.w.org\/{rel}","templated":true}]}}