{"id":66,"date":"2023-02-20T19:21:24","date_gmt":"2023-02-20T18:21:24","guid":{"rendered":"https:\/\/enitalic.com\/?page_id=66"},"modified":"2023-03-17T21:35:39","modified_gmt":"2023-03-17T20:35:39","slug":"en-quelques-mots","status":"publish","type":"page","link":"https:\/\/enitalic.com\/?page_id=66","title":{"rendered":"En quelques mots"},"content":{"rendered":"\t\t<div data-elementor-type=\"wp-page\" data-elementor-id=\"66\" class=\"elementor elementor-66\">\n\t\t\t\t\t\t<section class=\"elementor-section elementor-top-section elementor-element elementor-element-9788b8c elementor-section-boxed elementor-section-height-default elementor-section-height-default\" data-id=\"9788b8c\" data-element_type=\"section\" data-e-type=\"section\" data-settings=\"{&quot;background_background&quot;:&quot;classic&quot;}\">\n\t\t\t\t\t\t<div class=\"elementor-container elementor-column-gap-default\">\n\t\t\t\t\t<div class=\"elementor-column elementor-col-100 elementor-top-column elementor-element elementor-element-ff72f65\" data-id=\"ff72f65\" data-element_type=\"column\" data-e-type=\"column\">\n\t\t\t<div class=\"elementor-widget-wrap elementor-element-populated\">\n\t\t\t\t\t\t<div class=\"elementor-element elementor-element-a235188 elementor-widget elementor-widget-heading\" data-id=\"a235188\" data-element_type=\"widget\" data-e-type=\"widget\" data-widget_type=\"heading.default\">\n\t\t\t\t<div class=\"elementor-widget-container\">\n\t\t\t\t\t<h2 class=\"elementor-heading-title elementor-size-default\">Mais qui se cache derri\u00e8re en italic?<\/h2>\t\t\t\t<\/div>\n\t\t\t\t<\/div>\n\t\t\t\t<div class=\"elementor-element elementor-element-82f679b elementor-widget elementor-widget-image\" data-id=\"82f679b\" data-element_type=\"widget\" data-e-type=\"widget\" data-widget_type=\"image.default\">\n\t\t\t\t<div class=\"elementor-widget-container\">\n\t\t\t\t\t\t\t\t\t\t\t\t\t\t\t<img fetchpriority=\"high\" decoding=\"async\" width=\"633\" height=\"618\" src=\"https:\/\/enitalic.com\/wp-content\/uploads\/2023\/02\/portrait_medaillon.jpg\" class=\"attachment-large size-large wp-image-35\" alt=\"\" srcset=\"https:\/\/enitalic.com\/wp-content\/uploads\/2023\/02\/portrait_medaillon.jpg 633w, https:\/\/enitalic.com\/wp-content\/uploads\/2023\/02\/portrait_medaillon-300x293.jpg 300w, https:\/\/enitalic.com\/wp-content\/uploads\/2023\/02\/portrait_medaillon-575x561.jpg 575w, https:\/\/enitalic.com\/wp-content\/uploads\/2023\/02\/portrait_medaillon-380x371.jpg 380w, https:\/\/enitalic.com\/wp-content\/uploads\/2023\/02\/portrait_medaillon-50x50.jpg 50w\" sizes=\"(max-width: 633px) 100vw, 633px\" \/>\t\t\t\t\t\t\t\t\t\t\t\t\t\t\t<\/div>\n\t\t\t\t<\/div>\n\t\t\t\t<div class=\"elementor-element elementor-element-ec5dc79 elementor-widget elementor-widget-heading\" data-id=\"ec5dc79\" data-element_type=\"widget\" data-e-type=\"widget\" data-widget_type=\"heading.default\">\n\t\t\t\t<div class=\"elementor-widget-container\">\n\t\t\t\t\t<h1 class=\"elementor-heading-title elementor-size-default\">CHRISTINE DELOR - GRAPHIC DESIGN<\/h1>\t\t\t\t<\/div>\n\t\t\t\t<\/div>\n\t\t\t\t<div class=\"elementor-element elementor-element-e787858 elementor-widget elementor-widget-heading\" data-id=\"e787858\" data-element_type=\"widget\" data-e-type=\"widget\" data-widget_type=\"heading.default\">\n\t\t\t\t<div class=\"elementor-widget-container\">\n\t\t\t\t\t<h1 class=\"elementor-heading-title elementor-size-default\">ou si vous pr\u00e9f\u00e9rez en fran\u00e7ais, graphiste<\/h1>\t\t\t\t<\/div>\n\t\t\t\t<\/div>\n\t\t\t\t\t<\/div>\n\t\t<\/div>\n\t\t\t\t\t<\/div>\n\t\t<\/section>\n\t\t\t\t<section class=\"elementor-section elementor-top-section elementor-element elementor-element-3feaeea elementor-section-full_width elementor-section-height-default elementor-section-height-default\" data-id=\"3feaeea\" data-element_type=\"section\" data-e-type=\"section\" data-settings=\"{&quot;background_background&quot;:&quot;classic&quot;}\">\n\t\t\t\t\t\t<div class=\"elementor-container elementor-column-gap-default\">\n\t\t\t\t\t<div class=\"elementor-column elementor-col-20 elementor-top-column elementor-element elementor-element-a09ff42\" data-id=\"a09ff42\" data-element_type=\"column\" data-e-type=\"column\">\n\t\t\t<div class=\"elementor-widget-wrap\">\n\t\t\t\t\t\t\t<\/div>\n\t\t<\/div>\n\t\t\t\t<div class=\"elementor-column elementor-col-20 elementor-top-column elementor-element elementor-element-2d3ed06\" data-id=\"2d3ed06\" data-element_type=\"column\" data-e-type=\"column\">\n\t\t\t<div class=\"elementor-widget-wrap elementor-element-populated\">\n\t\t\t\t\t\t<div class=\"elementor-element elementor-element-e006172 elementor-widget elementor-widget-text-editor\" data-id=\"e006172\" data-element_type=\"widget\" data-e-type=\"widget\" data-widget_type=\"text-editor.default\">\n\t\t\t\t<div class=\"elementor-widget-container\">\n\t\t\t\t\t\t\t\t\t<p>On ne peut le cacher, j&rsquo;ai un certain penchant pour tout ce qui touche au graphisme. Et un penchant pour les speculoos!<\/p>\t\t\t\t\t\t\t\t<\/div>\n\t\t\t\t<\/div>\n\t\t\t\t\t<\/div>\n\t\t<\/div>\n\t\t\t\t<div class=\"elementor-column elementor-col-20 elementor-top-column elementor-element elementor-element-b04b114\" data-id=\"b04b114\" data-element_type=\"column\" data-e-type=\"column\">\n\t\t\t<div class=\"elementor-widget-wrap elementor-element-populated\">\n\t\t\t\t\t\t<div class=\"elementor-element elementor-element-835f3a9 elementor-widget elementor-widget-spacer\" data-id=\"835f3a9\" data-element_type=\"widget\" data-e-type=\"widget\" data-widget_type=\"spacer.default\">\n\t\t\t\t<div class=\"elementor-widget-container\">\n\t\t\t\t\t\t\t<div class=\"elementor-spacer\">\n\t\t\t<div class=\"elementor-spacer-inner\"><\/div>\n\t\t<\/div>\n\t\t\t\t\t\t<\/div>\n\t\t\t\t<\/div>\n\t\t\t\t<div class=\"elementor-element elementor-element-849ef6f elementor-widget elementor-widget-spacer\" data-id=\"849ef6f\" data-element_type=\"widget\" data-e-type=\"widget\" data-widget_type=\"spacer.default\">\n\t\t\t\t<div class=\"elementor-widget-container\">\n\t\t\t\t\t\t\t<div class=\"elementor-spacer\">\n\t\t\t<div class=\"elementor-spacer-inner\"><\/div>\n\t\t<\/div>\n\t\t\t\t\t\t<\/div>\n\t\t\t\t<\/div>\n\t\t\t\t<div class=\"elementor-element elementor-element-0d351fb elementor-widget elementor-widget-spacer\" data-id=\"0d351fb\" data-element_type=\"widget\" data-e-type=\"widget\" data-widget_type=\"spacer.default\">\n\t\t\t\t<div class=\"elementor-widget-container\">\n\t\t\t\t\t\t\t<div class=\"elementor-spacer\">\n\t\t\t<div class=\"elementor-spacer-inner\"><\/div>\n\t\t<\/div>\n\t\t\t\t\t\t<\/div>\n\t\t\t\t<\/div>\n\t\t\t\t\t<\/div>\n\t\t<\/div>\n\t\t\t\t<div class=\"elementor-column elementor-col-20 elementor-top-column elementor-element elementor-element-19106cf\" data-id=\"19106cf\" data-element_type=\"column\" data-e-type=\"column\">\n\t\t\t<div class=\"elementor-widget-wrap\">\n\t\t\t\t\t\t\t<\/div>\n\t\t<\/div>\n\t\t\t\t<div class=\"elementor-column elementor-col-20 elementor-top-column elementor-element elementor-element-aca1d14\" data-id=\"aca1d14\" data-element_type=\"column\" data-e-type=\"column\">\n\t\t\t<div class=\"elementor-widget-wrap\">\n\t\t\t\t\t\t\t<\/div>\n\t\t<\/div>\n\t\t\t\t\t<\/div>\n\t\t<\/section>\n\t\t\t\t<section class=\"elementor-section elementor-top-section elementor-element elementor-element-28d2496 elementor-section-boxed elementor-section-height-default elementor-section-height-default\" data-id=\"28d2496\" data-element_type=\"section\" data-e-type=\"section\">\n\t\t\t\t\t\t<div class=\"elementor-container elementor-column-gap-default\">\n\t\t\t\t\t<div class=\"elementor-column elementor-col-33 elementor-top-column elementor-element elementor-element-5a1ee95\" data-id=\"5a1ee95\" data-element_type=\"column\" data-e-type=\"column\">\n\t\t\t<div class=\"elementor-widget-wrap\">\n\t\t\t\t\t\t\t<\/div>\n\t\t<\/div>\n\t\t\t\t<div class=\"elementor-column elementor-col-33 elementor-top-column elementor-element elementor-element-c6f6b35\" data-id=\"c6f6b35\" data-element_type=\"column\" data-e-type=\"column\">\n\t\t\t<div class=\"elementor-widget-wrap elementor-element-populated\">\n\t\t\t\t\t\t<div class=\"elementor-element elementor-element-a1afa64 elementor-widget elementor-widget-text-editor\" data-id=\"a1afa64\" data-element_type=\"widget\" data-e-type=\"widget\" data-widget_type=\"text-editor.default\">\n\t\t\t\t<div class=\"elementor-widget-container\">\n\t\t\t\t\t\t\t\t\t<p>Apr\u00e8s mes \u00e9tudes \u00e0 l&rsquo;ERG (\u00e9cole de Recherche Graphique \u00e0 Bruxelles), j&rsquo;ai eu la chance de d\u00e9buter comme Art Director dans une petite structure. Qui dit petite structure dit multiples fonctions.<\/p><p>Ensuite vint l&rsquo;envie de conna\u00eetre la vie en agence de pub en tant qu&rsquo;infographiste avec son stress et ses d\u00e9lais pour la veille \ud83d\ude09 Apr\u00e8s plus de 10 ans face \u00e0 mon \u00e9cran, l&rsquo;envie de varier les plaisirs est bien r\u00e9elle. Je d\u00e9couvre le travail en imprimerie, sp\u00e9cialis\u00e9e dans la cr\u00e9ation et la r\u00e9alisation de faire-part, et le toucher des papiers aux structures diverses et couleurs subtiles.<\/p><p>En 2016, un grand changement! Je passe ind\u00e9pendante et cr\u00e9e \u00ab\u00a0en italic\u00a0\u00bb.<\/p><p>Ah encore une chose, je ne fume pas, je ne bois pas de caf\u00e9 mais je ne dis pas non pour le speculoos !!<\/p>\t\t\t\t\t\t\t\t<\/div>\n\t\t\t\t<\/div>\n\t\t\t\t\t<\/div>\n\t\t<\/div>\n\t\t\t\t<div class=\"elementor-column elementor-col-33 elementor-top-column elementor-element elementor-element-594c975\" data-id=\"594c975\" data-element_type=\"column\" data-e-type=\"column\">\n\t\t\t<div class=\"elementor-widget-wrap\">\n\t\t\t\t\t\t\t<\/div>\n\t\t<\/div>\n\t\t\t\t\t<\/div>\n\t\t<\/section>\n\t\t\t\t<section class=\"elementor-section elementor-top-section elementor-element elementor-element-3cfefa1 elementor-section-boxed elementor-section-height-default elementor-section-height-default\" data-id=\"3cfefa1\" data-element_type=\"section\" data-e-type=\"section\">\n\t\t\t\t\t\t<div class=\"elementor-container elementor-column-gap-default\">\n\t\t\t\t\t<div class=\"elementor-column elementor-col-100 elementor-top-column elementor-element elementor-element-990b930\" data-id=\"990b930\" data-element_type=\"column\" data-e-type=\"column\">\n\t\t\t<div class=\"elementor-widget-wrap elementor-element-populated\">\n\t\t\t\t\t\t<div class=\"elementor-element elementor-element-bc843c9 elementor-align-center elementor-widget elementor-widget-button\" data-id=\"bc843c9\" data-element_type=\"widget\" data-e-type=\"widget\" data-widget_type=\"button.default\">\n\t\t\t\t<div class=\"elementor-widget-container\">\n\t\t\t\t\t\t\t\t\t<div class=\"elementor-button-wrapper\">\n\t\t\t\t\t<a class=\"elementor-button elementor-button-link elementor-size-sm elementor-animation-push\" href=\"#\">\n\t\t\t\t\t\t<span class=\"elementor-button-content-wrapper\">\n\t\t\t\t\t\t\t\t\t<span class=\"elementor-button-text\">Cliquez ici pour un conseil, un devis, ...<\/span>\n\t\t\t\t\t<\/span>\n\t\t\t\t\t<\/a>\n\t\t\t\t<\/div>\n\t\t\t\t\t\t\t\t<\/div>\n\t\t\t\t<\/div>\n\t\t\t\t\t<\/div>\n\t\t<\/div>\n\t\t\t\t\t<\/div>\n\t\t<\/section>\n\t\t\t\t<\/div>\n\t\t","protected":false},"excerpt":{"rendered":"<p>Mais qui se cache derri\u00e8re en italic? CHRISTINE DELOR &#8211; GRAPHIC DESIGN ou si vous pr\u00e9f\u00e9rez en fran\u00e7ais, graphiste On ne peut le cacher, j&rsquo;ai un certain penchant pour tout ce qui touche au graphisme. Et un penchant pour les speculoos! Apr\u00e8s mes \u00e9tudes \u00e0 l&rsquo;ERG (\u00e9cole de Recherche Graphique \u00e0 Bruxelles), j&rsquo;ai eu la &hellip;<\/p>\n<p class=\"read-more\"> <a class=\"\" href=\"https:\/\/enitalic.com\/?page_id=66\"> <span class=\"screen-reader-text\">En quelques mots<\/span> Lire la suite\u00a0\u00bb<\/a><\/p>\n","protected":false},"author":2,"featured_media":0,"parent":0,"menu_order":0,"comment_status":"closed","ping_status":"closed","template":"","meta":{"site-sidebar-layout":"no-sidebar","site-content-layout":"page-builder","ast-global-header-display":"","ast-banner-title-visibility":"","ast-main-header-display":"","ast-hfb-above-header-display":"","ast-hfb-below-header-display":"","ast-hfb-mobile-header-display":"","site-post-title":"disabled","ast-breadcrumbs-content":"","ast-featured-img":"disabled","footer-sml-layout":"","theme-transparent-header-meta":"","adv-header-id-meta":"","stick-header-meta":"","header-above-stick-meta":"","header-main-stick-meta":"","header-below-stick-meta":"","footnotes":""},"class_list":["post-66","page","type-page","status-publish","hentry"],"yoast_head":"<!-- This site is optimized with the Yoast SEO plugin v27.4 - https:\/\/yoast.com\/product\/yoast-seo-wordpress\/ -->\n<title>Christine Delor - Graphiste: En quelques mots<\/title>\n<meta name=\"description\" content=\"Qui se cache derri\u00e8re En italic? Christine Delor\" \/>\n<meta name=\"robots\" content=\"noindex, follow, max-snippet:-1, max-image-preview:large, max-video-preview:-1\" \/>\n<meta property=\"og:locale\" content=\"fr_FR\" \/>\n<meta property=\"og:type\" content=\"article\" \/>\n<meta property=\"og:title\" content=\"Christine Delor - Graphiste: En quelques mots\" \/>\n<meta property=\"og:description\" content=\"Qui se cache derri\u00e8re En italic? Christine Delor\" \/>\n<meta property=\"og:url\" content=\"https:\/\/enitalic.com\/?page_id=66\" \/>\n<meta property=\"og:site_name\" content=\"en italic\" \/>\n<meta property=\"article:modified_time\" content=\"2023-03-17T20:35:39+00:00\" \/>\n<meta property=\"og:image\" content=\"https:\/\/enitalic.com\/wp-content\/uploads\/2023\/02\/portrait_medaillon.jpg\" \/>\n<meta name=\"twitter:card\" content=\"summary_large_image\" \/>\n<meta name=\"twitter:label1\" content=\"Dur\u00e9e de lecture estim\u00e9e\" \/>\n\t<meta name=\"twitter:data1\" content=\"2 minutes\" \/>\n<script type=\"application\/ld+json\" class=\"yoast-schema-graph\">{\"@context\":\"https:\\\/\\\/schema.org\",\"@graph\":[{\"@type\":\"WebPage\",\"@id\":\"https:\\\/\\\/enitalic.com\\\/?page_id=66\",\"url\":\"https:\\\/\\\/enitalic.com\\\/?page_id=66\",\"name\":\"Christine Delor - Graphiste: En quelques mots\",\"isPartOf\":{\"@id\":\"https:\\\/\\\/enitalic.com\\\/#website\"},\"primaryImageOfPage\":{\"@id\":\"https:\\\/\\\/enitalic.com\\\/?page_id=66#primaryimage\"},\"image\":{\"@id\":\"https:\\\/\\\/enitalic.com\\\/?page_id=66#primaryimage\"},\"thumbnailUrl\":\"https:\\\/\\\/enitalic.com\\\/wp-content\\\/uploads\\\/2023\\\/02\\\/portrait_medaillon.jpg\",\"datePublished\":\"2023-02-20T18:21:24+00:00\",\"dateModified\":\"2023-03-17T20:35:39+00:00\",\"description\":\"Qui se cache derri\u00e8re En italic? Christine Delor\",\"breadcrumb\":{\"@id\":\"https:\\\/\\\/enitalic.com\\\/?page_id=66#breadcrumb\"},\"inLanguage\":\"fr-FR\",\"potentialAction\":[{\"@type\":\"ReadAction\",\"target\":[\"https:\\\/\\\/enitalic.com\\\/?page_id=66\"]}]},{\"@type\":\"ImageObject\",\"inLanguage\":\"fr-FR\",\"@id\":\"https:\\\/\\\/enitalic.com\\\/?page_id=66#primaryimage\",\"url\":\"https:\\\/\\\/enitalic.com\\\/wp-content\\\/uploads\\\/2023\\\/02\\\/portrait_medaillon.jpg\",\"contentUrl\":\"https:\\\/\\\/enitalic.com\\\/wp-content\\\/uploads\\\/2023\\\/02\\\/portrait_medaillon.jpg\",\"width\":633,\"height\":618},{\"@type\":\"BreadcrumbList\",\"@id\":\"https:\\\/\\\/enitalic.com\\\/?page_id=66#breadcrumb\",\"itemListElement\":[{\"@type\":\"ListItem\",\"position\":1,\"name\":\"Accueil\",\"item\":\"https:\\\/\\\/enitalic.com\\\/\"},{\"@type\":\"ListItem\",\"position\":2,\"name\":\"En quelques mots\"}]},{\"@type\":\"WebSite\",\"@id\":\"https:\\\/\\\/enitalic.com\\\/#website\",\"url\":\"https:\\\/\\\/enitalic.com\\\/\",\"name\":\"en italic\",\"description\":\"\",\"publisher\":{\"@id\":\"https:\\\/\\\/enitalic.com\\\/#organization\"},\"potentialAction\":[{\"@type\":\"SearchAction\",\"target\":{\"@type\":\"EntryPoint\",\"urlTemplate\":\"https:\\\/\\\/enitalic.com\\\/?s={search_term_string}\"},\"query-input\":{\"@type\":\"PropertyValueSpecification\",\"valueRequired\":true,\"valueName\":\"search_term_string\"}}],\"inLanguage\":\"fr-FR\"},{\"@type\":\"Organization\",\"@id\":\"https:\\\/\\\/enitalic.com\\\/#organization\",\"name\":\"en italic\",\"url\":\"https:\\\/\\\/enitalic.com\\\/\",\"logo\":{\"@type\":\"ImageObject\",\"inLanguage\":\"fr-FR\",\"@id\":\"https:\\\/\\\/enitalic.com\\\/#\\\/schema\\\/logo\\\/image\\\/\",\"url\":\"https:\\\/\\\/enitalic.com\\\/wp-content\\\/uploads\\\/2022\\\/10\\\/cropped-en-italic.png\",\"contentUrl\":\"https:\\\/\\\/enitalic.com\\\/wp-content\\\/uploads\\\/2022\\\/10\\\/cropped-en-italic.png\",\"width\":137,\"height\":137,\"caption\":\"en italic\"},\"image\":{\"@id\":\"https:\\\/\\\/enitalic.com\\\/#\\\/schema\\\/logo\\\/image\\\/\"}}]}<\/script>\n<!-- \/ Yoast SEO plugin. -->","yoast_head_json":{"title":"Christine Delor - Graphiste: En quelques mots","description":"Qui se cache derri\u00e8re En italic? Christine Delor","robots":{"index":"noindex","follow":"follow","max-snippet":"max-snippet:-1","max-image-preview":"max-image-preview:large","max-video-preview":"max-video-preview:-1"},"og_locale":"fr_FR","og_type":"article","og_title":"Christine Delor - Graphiste: En quelques mots","og_description":"Qui se cache derri\u00e8re En italic? Christine Delor","og_url":"https:\/\/enitalic.com\/?page_id=66","og_site_name":"en italic","article_modified_time":"2023-03-17T20:35:39+00:00","og_image":[{"url":"https:\/\/enitalic.com\/wp-content\/uploads\/2023\/02\/portrait_medaillon.jpg","type":"","width":"","height":""}],"twitter_card":"summary_large_image","twitter_misc":{"Dur\u00e9e de lecture estim\u00e9e":"2 minutes"},"schema":{"@context":"https:\/\/schema.org","@graph":[{"@type":"WebPage","@id":"https:\/\/enitalic.com\/?page_id=66","url":"https:\/\/enitalic.com\/?page_id=66","name":"Christine Delor - Graphiste: En quelques mots","isPartOf":{"@id":"https:\/\/enitalic.com\/#website"},"primaryImageOfPage":{"@id":"https:\/\/enitalic.com\/?page_id=66#primaryimage"},"image":{"@id":"https:\/\/enitalic.com\/?page_id=66#primaryimage"},"thumbnailUrl":"https:\/\/enitalic.com\/wp-content\/uploads\/2023\/02\/portrait_medaillon.jpg","datePublished":"2023-02-20T18:21:24+00:00","dateModified":"2023-03-17T20:35:39+00:00","description":"Qui se cache derri\u00e8re En italic? Christine Delor","breadcrumb":{"@id":"https:\/\/enitalic.com\/?page_id=66#breadcrumb"},"inLanguage":"fr-FR","potentialAction":[{"@type":"ReadAction","target":["https:\/\/enitalic.com\/?page_id=66"]}]},{"@type":"ImageObject","inLanguage":"fr-FR","@id":"https:\/\/enitalic.com\/?page_id=66#primaryimage","url":"https:\/\/enitalic.com\/wp-content\/uploads\/2023\/02\/portrait_medaillon.jpg","contentUrl":"https:\/\/enitalic.com\/wp-content\/uploads\/2023\/02\/portrait_medaillon.jpg","width":633,"height":618},{"@type":"BreadcrumbList","@id":"https:\/\/enitalic.com\/?page_id=66#breadcrumb","itemListElement":[{"@type":"ListItem","position":1,"name":"Accueil","item":"https:\/\/enitalic.com\/"},{"@type":"ListItem","position":2,"name":"En quelques mots"}]},{"@type":"WebSite","@id":"https:\/\/enitalic.com\/#website","url":"https:\/\/enitalic.com\/","name":"en italic","description":"","publisher":{"@id":"https:\/\/enitalic.com\/#organization"},"potentialAction":[{"@type":"SearchAction","target":{"@type":"EntryPoint","urlTemplate":"https:\/\/enitalic.com\/?s={search_term_string}"},"query-input":{"@type":"PropertyValueSpecification","valueRequired":true,"valueName":"search_term_string"}}],"inLanguage":"fr-FR"},{"@type":"Organization","@id":"https:\/\/enitalic.com\/#organization","name":"en italic","url":"https:\/\/enitalic.com\/","logo":{"@type":"ImageObject","inLanguage":"fr-FR","@id":"https:\/\/enitalic.com\/#\/schema\/logo\/image\/","url":"https:\/\/enitalic.com\/wp-content\/uploads\/2022\/10\/cropped-en-italic.png","contentUrl":"https:\/\/enitalic.com\/wp-content\/uploads\/2022\/10\/cropped-en-italic.png","width":137,"height":137,"caption":"en italic"},"image":{"@id":"https:\/\/enitalic.com\/#\/schema\/logo\/image\/"}}]}},"_links":{"self":[{"href":"https:\/\/enitalic.com\/index.php?rest_route=\/wp\/v2\/pages\/66","targetHints":{"allow":["GET"]}}],"collection":[{"href":"https:\/\/enitalic.com\/index.php?rest_route=\/wp\/v2\/pages"}],"about":[{"href":"https:\/\/enitalic.com\/index.php?rest_route=\/wp\/v2\/types\/page"}],"author":[{"embeddable":true,"href":"https:\/\/enitalic.com\/index.php?rest_route=\/wp\/v2\/users\/2"}],"replies":[{"embeddable":true,"href":"https:\/\/enitalic.com\/index.php?rest_route=%2Fwp%2Fv2%2Fcomments&post=66"}],"version-history":[{"count":38,"href":"https:\/\/enitalic.com\/index.php?rest_route=\/wp\/v2\/pages\/66\/revisions"}],"predecessor-version":[{"id":415,"href":"https:\/\/enitalic.com\/index.php?rest_route=\/wp\/v2\/pages\/66\/revisions\/415"}],"wp:attachment":[{"href":"https:\/\/enitalic.com\/index.php?rest_route=%2Fwp%2Fv2%2Fmedia&parent=66"}],"curies":[{"name":"wp","href":"https:\/\/api.w.org\/{rel}","templated":true}]}}